{"id":933,"date":"2021-05-24T08:35:10","date_gmt":"2021-05-24T08:35:10","guid":{"rendered":"https:\/\/actres.unileon.es\/wp\/?page_id=933"},"modified":"2021-06-01T07:48:17","modified_gmt":"2021-06-01T07:48:17","slug":"aplicaciones","status":"publish","type":"page","link":"https:\/\/actres.unileon.es\/wp\/es\/aplicaciones\/","title":{"rendered":"Aplicaciones"},"content":{"rendered":"\n<div class=\"wp-block-themeisle-blocks-advanced-columns has-1-columns has-desktop-equal-layout has-tablet-equal-layout has-mobile-equal-layout has-default-gap has-vertical-unset\" id=\"wp-block-themeisle-blocks-advanced-columns-cb7d7e30\"><div class=\"wp-block-themeisle-blocks-advanced-columns-overlay\"><\/div><div class=\"innerblocks-wrap\">\n<div class=\"wp-block-themeisle-blocks-advanced-column\" id=\"wp-block-themeisle-blocks-advanced-column-77515f09\">\n<p>Las herramientas y aplicaciones que se van produciendo est\u00e1n dirigidas a una amplia variedad de usuarios, tales como profesionales de distintos campos sin conocimientos ling\u00fc\u00edsticos, proveedores de servicios ling\u00fc\u00edsticos, profesores, investigadores, estudiantes y cualquier tipo de profesionales que trabajen con el par de lenguas ingl\u00e9s-espa\u00f1ol.<\/p>\n\n\n\n<ul><li><a rel=\"noreferrer noopener\" href=\"https:\/\/actres.unileon.es\/demos\/generadores\/applications.html#generators2Section\" target=\"_blank\">Asistentes de redacci\u00f3n 2.0<\/a><\/li><li><a rel=\"noreferrer noopener\" href=\"https:\/\/actres.unileon.es\/demos\/generadores\/applications.html#generatorsSection\" target=\"_blank\">Asistentes de redacci\u00f3n 1.0<\/a><\/li><li><a href=\"https:\/\/actres.unileon.es\/wp\/es\/clanes\/\" target=\"_blank\" rel=\"noreferrer noopener\">CLANES Prototipo: Lenguaje Natural Controlado<\/a><\/li><li><a href=\"https:\/\/actres.unileon.es\/wp\/es\/petra-1-0-evaluacion-de-traducciones\/\" target=\"_blank\" rel=\"noreferrer noopener\">PETRA 1.0: Evaluaci\u00f3n de traducciones<\/a><\/li><li><a href=\"https:\/\/actres.unileon.es\/wp\/es\/petra-2-0-pos-edicion-de-traducciones\/\" target=\"_blank\" rel=\"noreferrer noopener\">PETRA 2.0: (Pos-)edici\u00f3n de traducciones (en construcci\u00f3n)<\/a><\/li><li><a href=\"https:\/\/actres.unileon.es\/wp\/es\/dictionary-aids\/\" target=\"_blank\" rel=\"noreferrer noopener\">Ayudas de diccionario<\/a><\/li><\/ul>\n\n\n\n<p>Algunas de estas aplicaciones se encuentran disponibles para comercializar. Visita <a href=\"https:\/\/actres.unileon.es\/apps\/abn\/app.php\/index\" target=\"_blank\" rel=\"noreferrer noopener\">esta p\u00e1gina<\/a> para m\u00e1s informaci\u00f3n.<\/p>\n<\/div>\n<\/div><\/div>\n\n\n\n<p><\/p>\n","protected":false},"excerpt":{"rendered":"","protected":false},"author":1,"featured_media":0,"parent":0,"menu_order":0,"comment_status":"closed","ping_status":"open","template":"","meta":[],"yoast_head":"<!-- This site is optimized with the Yoast SEO plugin v18.4.1 - https:\/\/yoast.com\/wordpress\/plugins\/seo\/ -->\n<title>Aplicaciones &ndash; ACTRES<\/title>\n<meta name=\"robots\" content=\"index, follow, max-snippet:-1, max-image-preview:large, max-video-preview:-1\" \/>\n<link rel=\"canonical\" href=\"https:\/\/actres.unileon.es\/wp\/es\/aplicaciones\/\" \/>\n<meta property=\"og:locale\" content=\"es_ES\" \/>\n<meta property=\"og:type\" content=\"article\" \/>\n<meta property=\"og:title\" content=\"Aplicaciones &ndash; ACTRES\" \/>\n<meta property=\"og:url\" content=\"https:\/\/actres.unileon.es\/wp\/es\/aplicaciones\/\" \/>\n<meta property=\"og:site_name\" content=\"ACTRES\" \/>\n<meta property=\"article:modified_time\" content=\"2021-06-01T07:48:17+00:00\" \/>\n<meta name=\"twitter:card\" content=\"summary_large_image\" \/>\n<meta name=\"twitter:site\" content=\"@Actres_ule\" \/>\n<meta name=\"twitter:label1\" content=\"Tiempo de lectura\" \/>\n\t<meta name=\"twitter:data1\" content=\"1 minuto\" \/>\n<script type=\"application\/ld+json\" class=\"yoast-schema-graph\">{\"@context\":\"https:\/\/schema.org\",\"@graph\":[{\"@type\":\"Organization\",\"@id\":\"https:\/\/actres.unileon.es\/wp\/#organization\",\"name\":\"Grupo ACTRES\",\"url\":\"https:\/\/actres.unileon.es\/wp\/\",\"sameAs\":[\"https:\/\/twitter.com\/Actres_ule\"],\"logo\":{\"@type\":\"ImageObject\",\"@id\":\"https:\/\/actres.unileon.es\/wp\/#logo\",\"inLanguage\":\"es\",\"url\":\"https:\/\/actres.unileon.es\/wp\/wp-content\/uploads\/2020\/12\/Logo1.png\",\"contentUrl\":\"https:\/\/actres.unileon.es\/wp\/wp-content\/uploads\/2020\/12\/Logo1.png\",\"width\":717,\"height\":160,\"caption\":\"Grupo ACTRES\"},\"image\":{\"@id\":\"https:\/\/actres.unileon.es\/wp\/#logo\"}},{\"@type\":\"WebSite\",\"@id\":\"https:\/\/actres.unileon.es\/wp\/#website\",\"url\":\"https:\/\/actres.unileon.es\/wp\/\",\"name\":\"ACTRES\",\"description\":\"Consolidated Research Group\",\"publisher\":{\"@id\":\"https:\/\/actres.unileon.es\/wp\/#organization\"},\"potentialAction\":[{\"@type\":\"SearchAction\",\"target\":{\"@type\":\"EntryPoint\",\"urlTemplate\":\"https:\/\/actres.unileon.es\/wp\/?s={search_term_string}\"},\"query-input\":\"required name=search_term_string\"}],\"inLanguage\":\"es\"},{\"@type\":\"WebPage\",\"@id\":\"https:\/\/actres.unileon.es\/wp\/es\/aplicaciones\/#webpage\",\"url\":\"https:\/\/actres.unileon.es\/wp\/es\/aplicaciones\/\",\"name\":\"Aplicaciones &ndash; ACTRES\",\"isPartOf\":{\"@id\":\"https:\/\/actres.unileon.es\/wp\/#website\"},\"datePublished\":\"2021-05-24T08:35:10+00:00\",\"dateModified\":\"2021-06-01T07:48:17+00:00\",\"breadcrumb\":{\"@id\":\"https:\/\/actres.unileon.es\/wp\/es\/aplicaciones\/#breadcrumb\"},\"inLanguage\":\"es\",\"potentialAction\":[{\"@type\":\"ReadAction\",\"target\":[\"https:\/\/actres.unileon.es\/wp\/es\/aplicaciones\/\"]}]},{\"@type\":\"BreadcrumbList\",\"@id\":\"https:\/\/actres.unileon.es\/wp\/es\/aplicaciones\/#breadcrumb\",\"itemListElement\":[{\"@type\":\"ListItem\",\"position\":1,\"name\":\"Aplicaciones\"}]}]}<\/script>\n<!-- \/ Yoast SEO plugin. -->","yoast_head_json":{"title":"Aplicaciones &ndash; ACTRES","robots":{"index":"index","follow":"follow","max-snippet":"max-snippet:-1","max-image-preview":"max-image-preview:large","max-video-preview":"max-video-preview:-1"},"canonical":"https:\/\/actres.unileon.es\/wp\/es\/aplicaciones\/","og_locale":"es_ES","og_type":"article","og_title":"Aplicaciones &ndash; ACTRES","og_url":"https:\/\/actres.unileon.es\/wp\/es\/aplicaciones\/","og_site_name":"ACTRES","article_modified_time":"2021-06-01T07:48:17+00:00","twitter_card":"summary_large_image","twitter_site":"@Actres_ule","twitter_misc":{"Tiempo de lectura":"1 minuto"},"schema":{"@context":"https:\/\/schema.org","@graph":[{"@type":"Organization","@id":"https:\/\/actres.unileon.es\/wp\/#organization","name":"Grupo ACTRES","url":"https:\/\/actres.unileon.es\/wp\/","sameAs":["https:\/\/twitter.com\/Actres_ule"],"logo":{"@type":"ImageObject","@id":"https:\/\/actres.unileon.es\/wp\/#logo","inLanguage":"es","url":"https:\/\/actres.unileon.es\/wp\/wp-content\/uploads\/2020\/12\/Logo1.png","contentUrl":"https:\/\/actres.unileon.es\/wp\/wp-content\/uploads\/2020\/12\/Logo1.png","width":717,"height":160,"caption":"Grupo ACTRES"},"image":{"@id":"https:\/\/actres.unileon.es\/wp\/#logo"}},{"@type":"WebSite","@id":"https:\/\/actres.unileon.es\/wp\/#website","url":"https:\/\/actres.unileon.es\/wp\/","name":"ACTRES","description":"Consolidated Research Group","publisher":{"@id":"https:\/\/actres.unileon.es\/wp\/#organization"},"potentialAction":[{"@type":"SearchAction","target":{"@type":"EntryPoint","urlTemplate":"https:\/\/actres.unileon.es\/wp\/?s={search_term_string}"},"query-input":"required name=search_term_string"}],"inLanguage":"es"},{"@type":"WebPage","@id":"https:\/\/actres.unileon.es\/wp\/es\/aplicaciones\/#webpage","url":"https:\/\/actres.unileon.es\/wp\/es\/aplicaciones\/","name":"Aplicaciones &ndash; ACTRES","isPartOf":{"@id":"https:\/\/actres.unileon.es\/wp\/#website"},"datePublished":"2021-05-24T08:35:10+00:00","dateModified":"2021-06-01T07:48:17+00:00","breadcrumb":{"@id":"https:\/\/actres.unileon.es\/wp\/es\/aplicaciones\/#breadcrumb"},"inLanguage":"es","potentialAction":[{"@type":"ReadAction","target":["https:\/\/actres.unileon.es\/wp\/es\/aplicaciones\/"]}]},{"@type":"BreadcrumbList","@id":"https:\/\/actres.unileon.es\/wp\/es\/aplicaciones\/#breadcrumb","itemListElement":[{"@type":"ListItem","position":1,"name":"Aplicaciones"}]}]}},"_links":{"self":[{"href":"https:\/\/actres.unileon.es\/wp\/wp-json\/wp\/v2\/pages\/933"}],"collection":[{"href":"https:\/\/actres.unileon.es\/wp\/wp-json\/wp\/v2\/pages"}],"about":[{"href":"https:\/\/actres.unileon.es\/wp\/wp-json\/wp\/v2\/types\/page"}],"author":[{"embeddable":true,"href":"https:\/\/actres.unileon.es\/wp\/wp-json\/wp\/v2\/users\/1"}],"replies":[{"embeddable":true,"href":"https:\/\/actres.unileon.es\/wp\/wp-json\/wp\/v2\/comments?post=933"}],"version-history":[{"count":4,"href":"https:\/\/actres.unileon.es\/wp\/wp-json\/wp\/v2\/pages\/933\/revisions"}],"predecessor-version":[{"id":1187,"href":"https:\/\/actres.unileon.es\/wp\/wp-json\/wp\/v2\/pages\/933\/revisions\/1187"}],"wp:attachment":[{"href":"https:\/\/actres.unileon.es\/wp\/wp-json\/wp\/v2\/media?parent=933"}],"curies":[{"name":"wp","href":"https:\/\/api.w.org\/{rel}","templated":true}]}}